{"id":1405,"date":"2025-10-22T11:47:52","date_gmt":"2025-10-22T09:47:52","guid":{"rendered":"https:\/\/foret-evolution.com\/?page_id=1405"},"modified":"2025-12-01T13:47:31","modified_gmt":"2025-12-01T12:47:31","slug":"transaction-forets","status":"publish","type":"page","link":"https:\/\/foret-evolution.com\/index.php\/transaction-forets\/","title":{"rendered":"Transactions Biens forestiers"},"content":{"rendered":"\t\t<div data-elementor-type=\"wp-page\" data-elementor-id=\"1405\" class=\"elementor elementor-1405\" data-elementor-post-type=\"page\">\n\t\t\t\t\t\t<section class=\"elementor-section elementor-top-section elementor-element elementor-element-28451fae elementor-section-full_width elementor-section-height-default elementor-section-height-default\" data-id=\"28451fae\" data-element_type=\"section\">\n\t\t\t\t\t\t<div class=\"elementor-container elementor-column-gap-default\">\n\t\t\t\t\t<div class=\"elementor-column elementor-col-100 elementor-top-column elementor-element elementor-element-3d9eea1c\" data-id=\"3d9eea1c\" data-element_type=\"column\">\n\t\t\t<div class=\"elementor-widget-wrap elementor-element-populated\">\n\t\t\t\t\t\t<div class=\"elementor-element elementor-element-3a13bbb1 animated-slow elementor-widget elementor-widget-image\" data-id=\"3a13bbb1\" data-element_type=\"widget\" data-settings=\"{&quot;_animation&quot;:&quot;none&quot;}\" data-widget_type=\"image.default\">\n\t\t\t\t<div class=\"elementor-widget-container\">\n\t\t\t\t\t\t\t\t\t\t\t\t\t\t\t<img fetchpriority=\"high\" decoding=\"async\" width=\"800\" height=\"300\" src=\"https:\/\/foret-evolution.com\/wp-content\/uploads\/2025\/07\/Band-03-expert-1024x384.jpg\" class=\"attachment-large size-large wp-image-1051\" alt=\"\" srcset=\"https:\/\/foret-evolution.com\/wp-content\/uploads\/2025\/07\/Band-03-expert-1024x384.jpg 1024w, https:\/\/foret-evolution.com\/wp-content\/uploads\/2025\/07\/Band-03-expert-300x113.jpg 300w, https:\/\/foret-evolution.com\/wp-content\/uploads\/2025\/07\/Band-03-expert-768x288.jpg 768w, https:\/\/foret-evolution.com\/wp-content\/uploads\/2025\/07\/Band-03-expert-1536x576.jpg 1536w, https:\/\/foret-evolution.com\/wp-content\/uploads\/2025\/07\/Band-03-expert.jpg 1920w\" sizes=\"(max-width: 800px) 100vw, 800px\" \/>\t\t\t\t\t\t\t\t\t\t\t\t\t\t\t<\/div>\n\t\t\t\t<\/div>\n\t\t\t\t\t<\/div>\n\t\t<\/div>\n\t\t\t\t\t<\/div>\n\t\t<\/section>\n\t\t\t\t<section class=\"elementor-section elementor-top-section elementor-element elementor-element-39c03236 elementor-section-boxed elementor-section-height-default elementor-section-height-default\" data-id=\"39c03236\" data-element_type=\"section\">\n\t\t\t\t\t\t<div class=\"elementor-container elementor-column-gap-default\">\n\t\t\t\t\t<div class=\"elementor-column elementor-col-100 elementor-top-column elementor-element elementor-element-2a461583\" data-id=\"2a461583\" data-element_type=\"column\">\n\t\t\t<div class=\"elementor-widget-wrap elementor-element-populated\">\n\t\t\t\t\t\t<div class=\"elementor-element elementor-element-33dd0d7c elementor-widget elementor-widget-image\" data-id=\"33dd0d7c\" data-element_type=\"widget\" data-widget_type=\"image.default\">\n\t\t\t\t<div class=\"elementor-widget-container\">\n\t\t\t\t\t\t\t\t\t\t\t\t\t\t\t<img decoding=\"async\" width=\"300\" height=\"152\" src=\"https:\/\/foret-evolution.com\/wp-content\/uploads\/2025\/07\/Logo-horizontal-300x152.png\" class=\"attachment-medium size-medium wp-image-710\" alt=\"\" srcset=\"https:\/\/foret-evolution.com\/wp-content\/uploads\/2025\/07\/Logo-horizontal-300x152.png 300w, https:\/\/foret-evolution.com\/wp-content\/uploads\/2025\/07\/Logo-horizontal-1024x520.png 1024w, https:\/\/foret-evolution.com\/wp-content\/uploads\/2025\/07\/Logo-horizontal-768x390.png 768w, https:\/\/foret-evolution.com\/wp-content\/uploads\/2025\/07\/Logo-horizontal-1536x780.png 1536w, https:\/\/foret-evolution.com\/wp-content\/uploads\/2025\/07\/Logo-horizontal-2048x1041.png 2048w\" sizes=\"(max-width: 300px) 100vw, 300px\" \/>\t\t\t\t\t\t\t\t\t\t\t\t\t\t\t<\/div>\n\t\t\t\t<\/div>\n\t\t\t\t<div class=\"elementor-element elementor-element-d528265 elementor-widget elementor-widget-spacer\" data-id=\"d528265\" data-element_type=\"widget\" data-widget_type=\"spacer.default\">\n\t\t\t\t<div class=\"elementor-widget-container\">\n\t\t\t\t\t\t\t<div class=\"elementor-spacer\">\n\t\t\t<div class=\"elementor-spacer-inner\"><\/div>\n\t\t<\/div>\n\t\t\t\t\t\t<\/div>\n\t\t\t\t<\/div>\n\t\t\t\t<div class=\"elementor-element elementor-element-205bc0ca elementor-widget elementor-widget-heading\" data-id=\"205bc0ca\" data-element_type=\"widget\" data-widget_type=\"heading.default\">\n\t\t\t\t<div class=\"elementor-widget-container\">\n\t\t\t\t\t<h2 class=\"elementor-heading-title elementor-size-default\">For\u00eats \u00c0 vendre<\/h2>\t\t\t\t<\/div>\n\t\t\t\t<\/div>\n\t\t\t\t<div class=\"elementor-element elementor-element-43389fad elementor-widget elementor-widget-spacer\" data-id=\"43389fad\" data-element_type=\"widget\" data-widget_type=\"spacer.default\">\n\t\t\t\t<div class=\"elementor-widget-container\">\n\t\t\t\t\t\t\t<div class=\"elementor-spacer\">\n\t\t\t<div class=\"elementor-spacer-inner\"><\/div>\n\t\t<\/div>\n\t\t\t\t\t\t<\/div>\n\t\t\t\t<\/div>\n\t\t\t\t<div class=\"elementor-element elementor-element-374af0f elementor-widget elementor-widget-spacer\" data-id=\"374af0f\" data-element_type=\"widget\" data-widget_type=\"spacer.default\">\n\t\t\t\t<div class=\"elementor-widget-container\">\n\t\t\t\t\t\t\t<div class=\"elementor-spacer\">\n\t\t\t<div class=\"elementor-spacer-inner\"><\/div>\n\t\t<\/div>\n\t\t\t\t\t\t<\/div>\n\t\t\t\t<\/div>\n\t\t\t\t<div class=\"elementor-element elementor-element-bc2ca9e elementor-widget elementor-widget-heading\" data-id=\"bc2ca9e\" data-element_type=\"widget\" data-widget_type=\"heading.default\">\n\t\t\t\t<div class=\"elementor-widget-container\">\n\t\t\t\t\t<h2 class=\"elementor-heading-title elementor-size-default\">for\u00eats vendues<\/h2>\t\t\t\t<\/div>\n\t\t\t\t<\/div>\n\t\t\t\t<div class=\"elementor-element elementor-element-298fd60 elementor-widget elementor-widget-spacer\" data-id=\"298fd60\" data-element_type=\"widget\" data-widget_type=\"spacer.default\">\n\t\t\t\t<div class=\"elementor-widget-container\">\n\t\t\t\t\t\t\t<div class=\"elementor-spacer\">\n\t\t\t<div class=\"elementor-spacer-inner\"><\/div>\n\t\t<\/div>\n\t\t\t\t\t\t<\/div>\n\t\t\t\t<\/div>\n\t\t\t\t<div class=\"elementor-element elementor-element-f089af9 elementor-widget elementor-widget-spacer\" data-id=\"f089af9\" data-element_type=\"widget\" data-widget_type=\"spacer.default\">\n\t\t\t\t<div class=\"elementor-widget-container\">\n\t\t\t\t\t\t\t<div class=\"elementor-spacer\">\n\t\t\t<div class=\"elementor-spacer-inner\"><\/div>\n\t\t<\/div>\n\t\t\t\t\t\t<\/div>\n\t\t\t\t<\/div>\n\t\t\t\t<div class=\"elementor-element elementor-element-0d61d22 elementor-widget elementor-widget-heading\" data-id=\"0d61d22\" data-element_type=\"widget\" data-widget_type=\"heading.default\">\n\t\t\t\t<div class=\"elementor-widget-container\">\n\t\t\t\t\t<h2 class=\"elementor-heading-title elementor-size-default\">N\u2019h\u00e9sitez pas \u00e0 nous contacter !<\/h2>\t\t\t\t<\/div>\n\t\t\t\t<\/div>\n\t\t\t\t<div class=\"elementor-element elementor-element-ca5f4ed elementor-widget elementor-widget-text-editor\" data-id=\"ca5f4ed\" data-element_type=\"widget\" data-widget_type=\"text-editor.default\">\n\t\t\t\t<div class=\"elementor-widget-container\">\n\t\t\t\t\t\t\t\t\t<p style=\"font-weight: 400;\">Vous ne trouvez pas d\u2019offre qui vous convienne\u00a0?<\/p><p style=\"font-weight: 400;\">Sachez que, par mesure de confidentialit\u00e9, toutes nos for\u00eats ne sont pas publi\u00e9es en ligne.<\/p>\t\t\t\t\t\t\t\t<\/div>\n\t\t\t\t<\/div>\n\t\t\t\t<div class=\"elementor-element elementor-element-867d761 elementor-widget-divider--view-line elementor-widget elementor-widget-divider\" data-id=\"867d761\" data-element_type=\"widget\" data-widget_type=\"divider.default\">\n\t\t\t\t<div class=\"elementor-widget-container\">\n\t\t\t\t\t\t\t<div class=\"elementor-divider\">\n\t\t\t<span class=\"elementor-divider-separator\">\n\t\t\t\t\t\t<\/span>\n\t\t<\/div>\n\t\t\t\t\t\t<\/div>\n\t\t\t\t<\/div>\n\t\t\t\t<div class=\"elementor-element elementor-element-4f5a1ff elementor-widget elementor-widget-spacer\" data-id=\"4f5a1ff\" data-element_type=\"widget\" data-widget_type=\"spacer.default\">\n\t\t\t\t<div class=\"elementor-widget-container\">\n\t\t\t\t\t\t\t<div class=\"elementor-spacer\">\n\t\t\t<div class=\"elementor-spacer-inner\"><\/div>\n\t\t<\/div>\n\t\t\t\t\t\t<\/div>\n\t\t\t\t<\/div>\n\t\t\t\t\t<\/div>\n\t\t<\/div>\n\t\t\t\t\t<\/div>\n\t\t<\/section>\n\t\t\t\t<\/div>\n\t\t","protected":false},"excerpt":{"rendered":"<p>For\u00eats \u00c0 vendre for\u00eats vendues N\u2019h\u00e9sitez pas \u00e0 nous contacter ! Vous ne trouvez pas d\u2019offre qui vous convienne\u00a0? Sachez que, par mesure de confidentialit\u00e9, toutes nos for\u00eats ne sont pas publi\u00e9es en ligne.<\/p>\n","protected":false},"author":1,"featured_media":0,"parent":0,"menu_order":0,"comment_status":"closed","ping_status":"closed","template":"","meta":{"footnotes":""},"class_list":["post-1405","page","type-page","status-publish","hentry"],"_links":{"self":[{"href":"https:\/\/foret-evolution.com\/index.php\/wp-json\/wp\/v2\/pages\/1405","targetHints":{"allow":["GET"]}}],"collection":[{"href":"https:\/\/foret-evolution.com\/index.php\/wp-json\/wp\/v2\/pages"}],"about":[{"href":"https:\/\/foret-evolution.com\/index.php\/wp-json\/wp\/v2\/types\/page"}],"author":[{"embeddable":true,"href":"https:\/\/foret-evolution.com\/index.php\/wp-json\/wp\/v2\/users\/1"}],"replies":[{"embeddable":true,"href":"https:\/\/foret-evolution.com\/index.php\/wp-json\/wp\/v2\/comments?post=1405"}],"version-history":[{"count":16,"href":"https:\/\/foret-evolution.com\/index.php\/wp-json\/wp\/v2\/pages\/1405\/revisions"}],"predecessor-version":[{"id":2141,"href":"https:\/\/foret-evolution.com\/index.php\/wp-json\/wp\/v2\/pages\/1405\/revisions\/2141"}],"wp:attachment":[{"href":"https:\/\/foret-evolution.com\/index.php\/wp-json\/wp\/v2\/media?parent=1405"}],"curies":[{"name":"wp","href":"https:\/\/api.w.org\/{rel}","templated":true}]}}